{"id":1325,"date":"2016-07-14T16:52:13","date_gmt":"2016-07-14T16:52:13","guid":{"rendered":"http:\/\/schalmeienzug-gebrazhofen.de\/?page_id=1325"},"modified":"2018-03-02T17:07:01","modified_gmt":"2018-03-02T17:07:01","slug":"startseite","status":"publish","type":"page","link":"https:\/\/schalmeienzug-gebrazhofen.de\/","title":{"rendered":"Startseite"},"content":{"rendered":"<p>[et_pb_section admin_label=&#8220;Sektion&#8220; fullwidth=&#8220;off&#8220; specialty=&#8220;off&#8220; transparent_background=&#8220;on&#8220; allow_player_pause=&#8220;off&#8220; inner_shadow=&#8220;off&#8220; parallax=&#8220;off&#8220; parallax_method=&#8220;off&#8220; padding_mobile=&#8220;off&#8220; make_fullwidth=&#8220;off&#8220; use_custom_width=&#8220;off&#8220; width_unit=&#8220;on&#8220; make_equal=&#8220;off&#8220; use_custom_gutter=&#8220;off&#8220; background_color=&#8220;#ffffff&#8220;][et_pb_row admin_label=&#8220;Zeile&#8220; make_fullwidth=&#8220;off&#8220; use_custom_width=&#8220;off&#8220; width_unit=&#8220;on&#8220; use_custom_gutter=&#8220;off&#8220; padding_mobile=&#8220;off&#8220; allow_player_pause=&#8220;off&#8220; parallax=&#8220;off&#8220; parallax_method=&#8220;off&#8220; make_equal=&#8220;off&#8220; parallax_1=&#8220;off&#8220; parallax_method_1=&#8220;off&#8220; column_padding_mobile=&#8220;on&#8220;][et_pb_column type=&#8220;4_4&#8243;][et_pb_slider admin_label=&#8220;Slider&#8220; show_arrows=&#8220;on&#8220; show_pagination=&#8220;on&#8220; auto=&#8220;on&#8220; auto_ignore_hover=&#8220;off&#8220; parallax=&#8220;off&#8220; parallax_method=&#8220;on&#8220; remove_inner_shadow=&#8220;off&#8220; background_position=&#8220;default&#8220; background_size=&#8220;default&#8220; hide_content_on_mobile=&#8220;off&#8220; hide_cta_on_mobile=&#8220;off&#8220; show_image_video_mobile=&#8220;off&#8220; custom_button=&#8220;off&#8220; button_letter_spacing=&#8220;0&#8243; button_use_icon=&#8220;default&#8220; button_icon_placement=&#8220;right&#8220; button_on_hover=&#8220;on&#8220; button_letter_spacing_hover=&#8220;0&#8243; auto_speed=&#8220;2000&#8243;] [et_pb_slide heading=&#8220;Herzlich Willkommen!&#8220; background_image=&#8220;https:\/\/schalmeienzug-gebrazhofen.de\/wp-content\/uploads\/2016\/07\/13781669_1049937261763118_4408855995308145810_n.jpg&#8220; background_position=&#8220;default&#8220; background_size=&#8220;default&#8220; background_color=&#8220;#ffffff&#8220; use_bg_overlay=&#8220;off&#8220; use_text_overlay=&#8220;off&#8220; alignment=&#8220;center&#8220; background_layout=&#8220;dark&#8220; allow_player_pause=&#8220;off&#8220; text_border_radius=&#8220;3&#8243; header_font_select=&#8220;Bree Serif&#8220; header_font=&#8220;Bree Serif||||&#8220; body_font_select=&#8220;default&#8220; body_font=&#8220;||||&#8220; custom_button=&#8220;off&#8220; button_font_select=&#8220;default&#8220; button_font=&#8220;||||&#8220; button_use_icon=&#8220;default&#8220; button_icon_placement=&#8220;right&#8220; button_on_hover=&#8220;on&#8220; header_text_color=&#8220;#dd8d16&#8243; header_font_size=&#8220;55&#8243; header_font_size_tablet=&#8220;55&#8243; header_font_size_phone=&#8220;55&#8243; header_letter_spacing=&#8220;2px&#8220; header_letter_spacing_tablet=&#8220;2px&#8220; header_letter_spacing_phone=&#8220;2px&#8220; header_letter_spacing_last_edited=&#8220;on|&#8220; header_line_height=&#8220;3.3em&#8220; header_line_height_tablet=&#8220;3.3em&#8220; header_line_height_phone=&#8220;3.3em&#8220;] [\/et_pb_slide][et_pb_slide background_image=&#8220;https:\/\/schalmeienzug-gebrazhofen.de\/wp-content\/uploads\/2016\/07\/DSC_0032.jpg&#8220; background_position=&#8220;default&#8220; background_size=&#8220;default&#8220; background_color=&#8220;#ffffff&#8220; use_bg_overlay=&#8220;off&#8220; use_text_overlay=&#8220;off&#8220; alignment=&#8220;center&#8220; background_layout=&#8220;dark&#8220; allow_player_pause=&#8220;off&#8220; text_border_radius=&#8220;3&#8243; header_font_select=&#8220;default&#8220; header_font=&#8220;||||&#8220; body_font_select=&#8220;default&#8220; body_font=&#8220;||||&#8220; custom_button=&#8220;off&#8220; button_font_select=&#8220;default&#8220; button_font=&#8220;||||&#8220; button_use_icon=&#8220;default&#8220; button_icon_placement=&#8220;right&#8220; button_on_hover=&#8220;on&#8220;] [\/et_pb_slide][et_pb_slide background_image=&#8220;https:\/\/schalmeienzug-gebrazhofen.de\/wp-content\/uploads\/2016\/07\/13692708_1049937235096454_7044301356333035599_n-1.jpg&#8220; background_position=&#8220;default&#8220; background_size=&#8220;default&#8220; background_color=&#8220;#ffffff&#8220; use_bg_overlay=&#8220;off&#8220; use_text_overlay=&#8220;off&#8220; alignment=&#8220;center&#8220; background_layout=&#8220;dark&#8220; allow_player_pause=&#8220;off&#8220; text_border_radius=&#8220;3&#8243; header_font_select=&#8220;default&#8220; header_font=&#8220;||||&#8220; body_font_select=&#8220;default&#8220; body_font=&#8220;||||&#8220; custom_button=&#8220;off&#8220; button_font_select=&#8220;default&#8220; button_font=&#8220;||||&#8220; button_use_icon=&#8220;default&#8220; button_icon_placement=&#8220;right&#8220; button_on_hover=&#8220;on&#8220;] [\/et_pb_slide][et_pb_slide background_image=&#8220;https:\/\/schalmeienzug-gebrazhofen.de\/wp-content\/uploads\/2016\/07\/DSC_0092.jpg&#8220; background_position=&#8220;top_right&#8220; background_size=&#8220;default&#8220; background_color=&#8220;#ffffff&#8220; use_bg_overlay=&#8220;off&#8220; use_text_overlay=&#8220;off&#8220; alignment=&#8220;center&#8220; background_layout=&#8220;dark&#8220; allow_player_pause=&#8220;off&#8220; text_border_radius=&#8220;3&#8243; header_font_select=&#8220;default&#8220; header_font=&#8220;||||&#8220; body_font_select=&#8220;default&#8220; body_font=&#8220;||||&#8220; custom_button=&#8220;off&#8220; button_font_select=&#8220;default&#8220; button_font=&#8220;||||&#8220; button_use_icon=&#8220;default&#8220; button_icon_placement=&#8220;right&#8220; button_on_hover=&#8220;on&#8220;] [\/et_pb_slide] [\/et_pb_slider][\/et_pb_column][\/et_pb_row][et_pb_row admin_label=&#8220;Zeile&#8220;][et_pb_column type=&#8220;1_3&#8243;][et_pb_text admin_label=&#8220;\u00dcber uns&#8220; background_layout=&#8220;light&#8220; text_orientation=&#8220;left&#8220; use_border_color=&#8220;off&#8220; border_color=&#8220;#ffffff&#8220; border_style=&#8220;solid&#8220;]<\/p>\n<h2>\u00dcber uns<\/h2>\n<p>Der Schalmeienzug Gebrazhofen wurde 1999 von unserem ersten Vorstand Erwin Steiner gegr\u00fcndet. Seit dem sind wir jedes Jahr in der Fasnet aktiv dabei und fahren mit dem Bus gemeinsam auf die umliegenden Umz\u00fcge. Aber auch au\u00dferhalb der f\u00fcnften Jahreszeit verbringen wir sehr viel Zeit miteinander, da uns das Vereinsleben sehr wichtig ist. Wir gehen gemeinsam zum Nachtrodeln ins gro\u00dfe Montafon Skigebiet, in den Zoo oder grillen in den warmen Sommern\u00e4chten. Jedes Jahr gehen wir f\u00fcr einige Tage im Sp\u00e4tsommer in den Europapark nach Rust und genie\u00dfen diesen Kurzurlaub immer ausgiebig.<\/p>\n<p>&nbsp;<\/p>\n<p>[\/et_pb_text][\/et_pb_column][et_pb_column type=&#8220;1_3&#8243;][et_pb_text admin_label=&#8220;Text&#8220; background_layout=&#8220;light&#8220; text_orientation=&#8220;left&#8220; use_border_color=&#8220;off&#8220; border_color=&#8220;#ffffff&#8220; border_style=&#8220;solid&#8220;]<\/p>\n<p><strong>Achtung<\/strong><\/p>\n<p>wir sind immer auf der Suche nach neuen Mitgliedern, man muss keine Noten lesen k\u00f6nnen und kein eigenes Instrument besitzen.<\/p>\n<p>Falls ihr interesse habt ein Teil unseres Vereins zu werden k\u00f6nnt ihr euch gerne melden.<\/p>\n<p>Ihr werdet bei uns herzlich aufgenommen.<\/p>\n<p>[\/et_pb_text][\/et_pb_column][et_pb_column type=&#8220;1_3&#8243;][et_pb_text admin_label=&#8220;Text&#8220; background_layout=&#8220;light&#8220; text_orientation=&#8220;left&#8220; use_border_color=&#8220;off&#8220; border_color=&#8220;#ffffff&#8220; border_style=&#8220;solid&#8220;]<\/p>\n<p><strong><span style=\"color: #ff0000;\"><img decoding=\"async\" loading=\"lazy\" class=\"alignnone size-medium wp-image-1810\" src=\"https:\/\/schalmeienzug-gebrazhofen.de\/wp-content\/uploads\/2016\/09\/DSCI2391-300x225.jpg\" alt=\"5. Jahreszeit\" width=\"300\" height=\"225\" srcset=\"https:\/\/schalmeienzug-gebrazhofen.de\/wp-content\/uploads\/2016\/09\/DSCI2391-300x225.jpg 300w, https:\/\/schalmeienzug-gebrazhofen.de\/wp-content\/uploads\/2016\/09\/DSCI2391-768x576.jpg 768w, https:\/\/schalmeienzug-gebrazhofen.de\/wp-content\/uploads\/2016\/09\/DSCI2391-1024x768.jpg 1024w, https:\/\/schalmeienzug-gebrazhofen.de\/wp-content\/uploads\/2016\/09\/DSCI2391-510x382.jpg 510w, https:\/\/schalmeienzug-gebrazhofen.de\/wp-content\/uploads\/2016\/09\/DSCI2391-1080x810.jpg 1080w\" sizes=\"(max-width: 300px) 100vw, 300px\" \/>News:<\/span><\/strong><\/p>\n<p>&nbsp;<\/p>\n<p>&nbsp;<\/p>\n<p>&nbsp;<\/p>\n<p>[\/et_pb_text][et_pb_sidebar admin_label=&#8220;Seitenleiste&#8220; orientation=&#8220;left&#8220; area=&#8220;sidebar-1&#8243; background_layout=&#8220;light&#8220; remove_border=&#8220;off&#8220;] [\/et_pb_sidebar][\/et_pb_column][\/et_pb_row][et_pb_row admin_label=&#8220;Zeile&#8220;][et_pb_column type=&#8220;1_3&#8243;][et_pb_text admin_label=&#8220;Text&#8220; background_layout=&#8220;light&#8220; text_orientation=&#8220;left&#8220; use_border_color=&#8220;off&#8220; border_color=&#8220;#ffffff&#8220; border_style=&#8220;solid&#8220;] [\/et_pb_text][\/et_pb_column][et_pb_column type=&#8220;1_3&#8243;][et_pb_text admin_label=&#8220;Text&#8220; background_layout=&#8220;light&#8220; text_orientation=&#8220;left&#8220; use_border_color=&#8220;off&#8220; border_color=&#8220;#ffffff&#8220; border_style=&#8220;solid&#8220;] [\/et_pb_text][\/et_pb_column][et_pb_column type=&#8220;1_3&#8243;][et_pb_social_media_follow admin_label=&#8220;Sozialen Medien folgen&#8220; link_shape=&#8220;circle&#8220; background_layout=&#8220;dark&#8220; url_new_window=&#8220;on&#8220; follow_button=&#8220;off&#8220;] [et_pb_social_media_follow_network social_network=&#8220;facebook&#8220; url=&#8220;https:\/\/www.facebook.com\/schalmeienzug.gebrazhofenev\/?fref=ts&#8220; skype_action=&#8220;call&#8220; bg_color=&#8220;#3b5998&#8243;] facebook [\/et_pb_social_media_follow_network][et_pb_social_media_follow_network social_network=&#8220;twitter&#8220; url=&#8220;#&#8220; skype_action=&#8220;call&#8220; bg_color=&#8220;#73805f&#8220;] Twitter [\/et_pb_social_media_follow_network][et_pb_social_media_follow_network social_network=&#8220;google-plus&#8220; url=&#8220;#&#8220; skype_action=&#8220;call&#8220; bg_color=&#8220;#73805f&#8220;] Google+ [\/et_pb_social_media_follow_network][et_pb_social_media_follow_network social_network=&#8220;pinterest&#8220; url=&#8220;#&#8220; skype_action=&#8220;call&#8220; bg_color=&#8220;#73805f&#8220;] Pinterest [\/et_pb_social_media_follow_network][et_pb_social_media_follow_network social_network=&#8220;skype&#8220; skype_url=&#8220;#&#8220; skype_action=&#8220;call&#8220; bg_color=&#8220;#73805f&#8220;] skype [\/et_pb_social_media_follow_network] [\/et_pb_social_media_follow][\/et_pb_column][\/et_pb_row][\/et_pb_section]<\/p>\n","protected":false},"excerpt":{"rendered":"<p>\u00dcber uns Der Schalmeienzug Gebrazhofen wurde 1999 von unserem ersten Vorstand Erwin Steiner gegr\u00fcndet. Seit dem sind wir jedes Jahr in der Fasnet aktiv dabei und fahren mit dem Bus gemeinsam auf die umliegenden Umz\u00fcge. Aber auch au\u00dferhalb der f\u00fcnften Jahreszeit verbringen wir sehr viel Zeit miteinander, da uns das Vereinsleben sehr wichtig ist. Wir [&hellip;]<\/p>\n","protected":false},"author":1,"featured_media":0,"parent":0,"menu_order":0,"comment_status":"closed","ping_status":"closed","template":"","meta":{"_et_pb_use_builder":"on","_et_pb_old_content":"","_et_gb_content_width":""},"_links":{"self":[{"href":"https:\/\/schalmeienzug-gebrazhofen.de\/index.php?rest_route=\/wp\/v2\/pages\/1325"}],"collection":[{"href":"https:\/\/schalmeienzug-gebrazhofen.de\/index.php?rest_route=\/wp\/v2\/pages"}],"about":[{"href":"https:\/\/schalmeienzug-gebrazhofen.de\/index.php?rest_route=\/wp\/v2\/types\/page"}],"author":[{"embeddable":true,"href":"https:\/\/schalmeienzug-gebrazhofen.de\/index.php?rest_route=\/wp\/v2\/users\/1"}],"replies":[{"embeddable":true,"href":"https:\/\/schalmeienzug-gebrazhofen.de\/index.php?rest_route=%2Fwp%2Fv2%2Fcomments&post=1325"}],"version-history":[{"count":49,"href":"https:\/\/schalmeienzug-gebrazhofen.de\/index.php?rest_route=\/wp\/v2\/pages\/1325\/revisions"}],"predecessor-version":[{"id":1926,"href":"https:\/\/schalmeienzug-gebrazhofen.de\/index.php?rest_route=\/wp\/v2\/pages\/1325\/revisions\/1926"}],"wp:attachment":[{"href":"https:\/\/schalmeienzug-gebrazhofen.de\/index.php?rest_route=%2Fwp%2Fv2%2Fmedia&parent=1325"}],"curies":[{"name":"wp","href":"https:\/\/api.w.org\/{rel}","templated":true}]}}